{"id":20,"date":"2015-12-08T14:23:51","date_gmt":"2015-12-08T13:23:51","guid":{"rendered":"http:\/\/sdm-lesmesnuls.fr\/?page_id=20"},"modified":"2023-08-13T18:06:56","modified_gmt":"2023-08-13T17:06:56","slug":"nous-rejoindre","status":"publish","type":"page","link":"https:\/\/sdm-lesmesnuls.fr\/?page_id=20","title":{"rendered":"Nous rejoindre"},"content":{"rendered":"<p style=\"text-align: justify;\"><strong>Votre environnement vous pr\u00e9occupe, vous \u00eates soucieux de l\u2019\u00e9volution de nos villages et de la qualit\u00e9 de notre vie, alors rejoignez la \u00ab\u00a0SdM\u00a0\u00bb.<\/strong><\/p>\n<p style=\"text-align: justify;\">Faites nous profiter de vos commentaires, de vos observations et de vos craintes. Demain, il sera trop tard, les mauvaises d\u00e9cisions d&rsquo;aujourd&rsquo;hui seront nos regrets de demain, le retour en arri\u00e8re est rarement possible. A contrario, un projet suscite l&rsquo;enthousiasme alors soyons les premiers \u00e0 le soutenir.<\/p>\n<p style=\"text-align: justify;\">La mitoyennet\u00e9 de l&rsquo;agglom\u00e9ration de Saint-Quentin-en-Yvelines et de la mont\u00e9e en puissance des Intercommunalit\u00e9s, voulue par la loi \u00ab\u00a0NOTRe\u00a0\u00bb, par l&rsquo;\u00e9loignement des centres d\u00e9cisionnels, accentue le besoin de vigilance locale. C&rsquo;est notre int\u00e9r\u00eat autant que notre devoir que de veiller ici au respect de notre environnement, pour aujourd&rsquo;hui, pour demain.<\/p>\n<p style=\"text-align: justify;\"><strong>La SdM, c&rsquo;est vous. Prenez la parole ou simplement supportez son action.<\/strong><\/p>\n<h3 style=\"text-align: center;\"><span style=\"color: #333399; font-size: 28px;\"><strong>La SDM vous attend, adh\u00e9rez.<\/strong><\/span><\/h3>\n<p><span style=\"color: #ff0000;\"><strong>1 &#8211; Par voie postale<\/strong><\/span><\/p>\n<p style=\"text-align: left;\"><span style=\"color: #000000;\"><strong>Imprimez votre bulletin<\/strong> <\/span>d&rsquo;adh\u00e9sion en cliquant sur l&rsquo;imprimante, puis remplissez le et suivez les instructions port\u00e9es sur le document.<\/p>\n<p><a href=\"https:\/\/sdm-lesmesnuls.fr\/wp-content\/uploads\/Bulletin_Adhesion.pdf\"><img loading=\"lazy\" decoding=\"async\" data-attachment-id=\"33526\" data-permalink=\"https:\/\/sdm-lesmesnuls.fr\/?attachment_id=33526#main\" data-orig-file=\"https:\/\/i0.wp.com\/sdm-lesmesnuls.fr\/wp-content\/uploads\/printSDM-1.png?fit=841%2C720&amp;ssl=1\" data-orig-size=\"841,720\" data-comments-opened=\"1\" data-image-meta=\"{&quot;aperture&quot;:&quot;0&quot;,&quot;credit&quot;:&quot;&quot;,&quot;camera&quot;:&quot;&quot;,&quot;caption&quot;:&quot;&quot;,&quot;created_timestamp&quot;:&quot;0&quot;,&quot;copyright&quot;:&quot;&quot;,&quot;focal_length&quot;:&quot;0&quot;,&quot;iso&quot;:&quot;0&quot;,&quot;shutter_speed&quot;:&quot;0&quot;,&quot;title&quot;:&quot;&quot;,&quot;orientation&quot;:&quot;0&quot;}\" data-image-title=\"printSDM\" data-image-description=\"\" data-image-caption=\"\" data-medium-file=\"https:\/\/i0.wp.com\/sdm-lesmesnuls.fr\/wp-content\/uploads\/printSDM-1.png?fit=600%2C514&amp;ssl=1\" data-large-file=\"https:\/\/i0.wp.com\/sdm-lesmesnuls.fr\/wp-content\/uploads\/printSDM-1.png?fit=800%2C685&amp;ssl=1\" tabindex=\"0\" role=\"button\" class=\"wp-image-33526 aligncenter\" src=\"https:\/\/i0.wp.com\/sdm-lesmesnuls.fr\/wp-content\/uploads\/printSDM-1.png?resize=179%2C154&#038;ssl=1\" alt=\"\" width=\"179\" height=\"154\" srcset=\"https:\/\/i0.wp.com\/sdm-lesmesnuls.fr\/wp-content\/uploads\/printSDM-1.png?resize=600%2C514&amp;ssl=1 600w, https:\/\/i0.wp.com\/sdm-lesmesnuls.fr\/wp-content\/uploads\/printSDM-1.png?resize=768%2C658&amp;ssl=1 768w, https:\/\/i0.wp.com\/sdm-lesmesnuls.fr\/wp-content\/uploads\/printSDM-1.png?w=841&amp;ssl=1 841w\" sizes=\"(max-width: 179px) 100vw, 179px\" data-recalc-dims=\"1\" \/><\/a><span style=\"color: #ff0000;\"><strong>2 &#8211; Adh\u00e9sion en ligne<\/strong><\/span><\/p>\n<p style=\"text-align: left;\"><span style=\"color: #000000;\"><strong>Remplissez le formulaire<\/strong> <\/span>d&rsquo;adh\u00e9sion obtenu en cliquant sur l&rsquo;icone, remplissez le et envoyez<strong>.<\/strong><\/p>\n<p><a href=\"https:\/\/sdm-lesmesnuls.fr\/?page_id=33532\"><img loading=\"lazy\" decoding=\"async\" data-attachment-id=\"33586\" data-permalink=\"https:\/\/sdm-lesmesnuls.fr\/?attachment_id=33586#main\" data-orig-file=\"https:\/\/i0.wp.com\/sdm-lesmesnuls.fr\/wp-content\/uploads\/FormulaireEnLigne-1.png?fit=1000%2C496&amp;ssl=1\" data-orig-size=\"1000,496\" data-comments-opened=\"1\" data-image-meta=\"{&quot;aperture&quot;:&quot;0&quot;,&quot;credit&quot;:&quot;&quot;,&quot;camera&quot;:&quot;&quot;,&quot;caption&quot;:&quot;&quot;,&quot;created_timestamp&quot;:&quot;0&quot;,&quot;copyright&quot;:&quot;&quot;,&quot;focal_length&quot;:&quot;0&quot;,&quot;iso&quot;:&quot;0&quot;,&quot;shutter_speed&quot;:&quot;0&quot;,&quot;title&quot;:&quot;&quot;,&quot;orientation&quot;:&quot;0&quot;}\" data-image-title=\"FormulaireEnLigne\" data-image-description=\"\" data-image-caption=\"\" data-medium-file=\"https:\/\/i0.wp.com\/sdm-lesmesnuls.fr\/wp-content\/uploads\/FormulaireEnLigne-1.png?fit=600%2C298&amp;ssl=1\" data-large-file=\"https:\/\/i0.wp.com\/sdm-lesmesnuls.fr\/wp-content\/uploads\/FormulaireEnLigne-1.png?fit=800%2C397&amp;ssl=1\" tabindex=\"0\" role=\"button\" class=\"wp-image-33586 aligncenter\" src=\"https:\/\/i0.wp.com\/sdm-lesmesnuls.fr\/wp-content\/uploads\/FormulaireEnLigne-1.png?resize=257%2C128&#038;ssl=1\" alt=\"\" width=\"257\" height=\"128\" srcset=\"https:\/\/i0.wp.com\/sdm-lesmesnuls.fr\/wp-content\/uploads\/FormulaireEnLigne-1.png?resize=600%2C298&amp;ssl=1 600w, https:\/\/i0.wp.com\/sdm-lesmesnuls.fr\/wp-content\/uploads\/FormulaireEnLigne-1.png?resize=768%2C381&amp;ssl=1 768w, https:\/\/i0.wp.com\/sdm-lesmesnuls.fr\/wp-content\/uploads\/FormulaireEnLigne-1.png?w=1000&amp;ssl=1 1000w\" sizes=\"(max-width: 257px) 100vw, 257px\" data-recalc-dims=\"1\" \/><\/a><\/p>\n<p><span style=\"color: #ff0000;\"><strong>3 &#8211; Pour votre r\u00e8glement<\/strong><\/span><\/p>\n<p><strong>Par ch\u00e8que ou virement<\/strong><a href=\"https:\/\/i0.wp.com\/sdm-lesmesnuls.fr\/wp-content\/uploads\/RIB_SDM.png?ssl=1\"><img loading=\"lazy\" decoding=\"async\" data-attachment-id=\"33521\" data-permalink=\"https:\/\/sdm-lesmesnuls.fr\/?attachment_id=33521#main\" data-orig-file=\"https:\/\/i0.wp.com\/sdm-lesmesnuls.fr\/wp-content\/uploads\/RIB_SDM.png?fit=1044%2C390&amp;ssl=1\" data-orig-size=\"1044,390\" data-comments-opened=\"1\" data-image-meta=\"{&quot;aperture&quot;:&quot;0&quot;,&quot;credit&quot;:&quot;&quot;,&quot;camera&quot;:&quot;&quot;,&quot;caption&quot;:&quot;&quot;,&quot;created_timestamp&quot;:&quot;0&quot;,&quot;copyright&quot;:&quot;&quot;,&quot;focal_length&quot;:&quot;0&quot;,&quot;iso&quot;:&quot;0&quot;,&quot;shutter_speed&quot;:&quot;0&quot;,&quot;title&quot;:&quot;&quot;,&quot;orientation&quot;:&quot;0&quot;}\" data-image-title=\"RIB_SDM\" data-image-description=\"\" data-image-caption=\"\" data-medium-file=\"https:\/\/i0.wp.com\/sdm-lesmesnuls.fr\/wp-content\/uploads\/RIB_SDM.png?fit=600%2C224&amp;ssl=1\" data-large-file=\"https:\/\/i0.wp.com\/sdm-lesmesnuls.fr\/wp-content\/uploads\/RIB_SDM.png?fit=800%2C299&amp;ssl=1\" tabindex=\"0\" role=\"button\" class=\" wp-image-33521 aligncenter\" src=\"https:\/\/i0.wp.com\/sdm-lesmesnuls.fr\/wp-content\/uploads\/RIB_SDM.png?resize=656%2C245&#038;ssl=1\" alt=\"\" width=\"656\" height=\"245\" srcset=\"https:\/\/i0.wp.com\/sdm-lesmesnuls.fr\/wp-content\/uploads\/RIB_SDM.png?resize=600%2C224&amp;ssl=1 600w, https:\/\/i0.wp.com\/sdm-lesmesnuls.fr\/wp-content\/uploads\/RIB_SDM.png?resize=1024%2C383&amp;ssl=1 1024w, https:\/\/i0.wp.com\/sdm-lesmesnuls.fr\/wp-content\/uploads\/RIB_SDM.png?resize=768%2C287&amp;ssl=1 768w, https:\/\/i0.wp.com\/sdm-lesmesnuls.fr\/wp-content\/uploads\/RIB_SDM.png?w=1044&amp;ssl=1 1044w\" sizes=\"(max-width: 656px) 100vw, 656px\" data-recalc-dims=\"1\" \/><\/a><\/p>\n<div class=\"g-recaptcha\" data-sitekey=\"6LfSpxITAAAAAGBChgZDjtryP0Uk3K2OMh87vjDB\">Nous ne manquerons pas de vous contacter dans les prochains jours.<\/div>\n<p style=\"text-align: justify;\">Cordialement<\/p>\n<p style=\"text-align: justify;\">L&rsquo;association <strong>\u00ab\u00a0Sauvegarde des Mesnuls\u00a0\u00bb<\/strong><\/p>\n","protected":false},"excerpt":{"rendered":"<p>Votre environnement vous pr\u00e9occupe, vous \u00eates soucieux de l\u2019\u00e9volution de nos villages et de la qualit\u00e9 de notre vie, alors rejoignez la \u00ab\u00a0SdM\u00a0\u00bb. Faites nous profiter de vos commentaires, de vos observations et de vos craintes. Demain, il sera trop <a class=\"more-link\" href=\"https:\/\/sdm-lesmesnuls.fr\/?page_id=20\">&#8230;.. LIRE LA SUITE \u2192<\/a><\/p>\n","protected":false},"author":1,"featured_media":0,"parent":0,"menu_order":0,"comment_status":"closed","ping_status":"closed","template":"","meta":{"jetpack_post_was_ever_published":false,"footnotes":""},"jetpack_sharing_enabled":true,"jetpack_shortlink":"https:\/\/wp.me\/P71w7n-k","jetpack-related-posts":[],"_links":{"self":[{"href":"https:\/\/sdm-lesmesnuls.fr\/index.php?rest_route=\/wp\/v2\/pages\/20"}],"collection":[{"href":"https:\/\/sdm-lesmesnuls.fr\/index.php?rest_route=\/wp\/v2\/pages"}],"about":[{"href":"https:\/\/sdm-lesmesnuls.fr\/index.php?rest_route=\/wp\/v2\/types\/page"}],"author":[{"embeddable":true,"href":"https:\/\/sdm-lesmesnuls.fr\/index.php?rest_route=\/wp\/v2\/users\/1"}],"replies":[{"embeddable":true,"href":"https:\/\/sdm-lesmesnuls.fr\/index.php?rest_route=%2Fwp%2Fv2%2Fcomments&post=20"}],"version-history":[{"count":46,"href":"https:\/\/sdm-lesmesnuls.fr\/index.php?rest_route=\/wp\/v2\/pages\/20\/revisions"}],"predecessor-version":[{"id":33587,"href":"https:\/\/sdm-lesmesnuls.fr\/index.php?rest_route=\/wp\/v2\/pages\/20\/revisions\/33587"}],"wp:attachment":[{"href":"https:\/\/sdm-lesmesnuls.fr\/index.php?rest_route=%2Fwp%2Fv2%2Fmedia&parent=20"}],"curies":[{"name":"wp","href":"https:\/\/api.w.org\/{rel}","templated":true}]}}