{"id":22,"date":"2015-12-08T14:24:09","date_gmt":"2015-12-08T13:24:09","guid":{"rendered":"http:\/\/sdm-lesmesnuls.fr\/?page_id=22"},"modified":"2015-12-30T10:38:30","modified_gmt":"2015-12-30T09:38:30","slug":"liens","status":"publish","type":"page","link":"https:\/\/sdm-lesmesnuls.fr\/?page_id=22","title":{"rendered":"Liens"},"content":{"rendered":"<p style=\"text-align: justify;\"><a href=\"https:\/\/i0.wp.com\/sdm-lesmesnuls.fr\/wp-content\/uploads\/2015\/12\/Jade.png?ssl=1\" rel=\"attachment wp-att-366\"><img loading=\"lazy\" decoding=\"async\" data-attachment-id=\"366\" data-permalink=\"https:\/\/sdm-lesmesnuls.fr\/?attachment_id=366#main\" data-orig-file=\"https:\/\/i0.wp.com\/sdm-lesmesnuls.fr\/wp-content\/uploads\/2015\/12\/Jade.png?fit=219%2C195&amp;ssl=1\" data-orig-size=\"219,195\" data-comments-opened=\"1\" data-image-meta=\"{&quot;aperture&quot;:&quot;0&quot;,&quot;credit&quot;:&quot;&quot;,&quot;camera&quot;:&quot;&quot;,&quot;caption&quot;:&quot;&quot;,&quot;created_timestamp&quot;:&quot;0&quot;,&quot;copyright&quot;:&quot;&quot;,&quot;focal_length&quot;:&quot;0&quot;,&quot;iso&quot;:&quot;0&quot;,&quot;shutter_speed&quot;:&quot;0&quot;,&quot;title&quot;:&quot;&quot;,&quot;orientation&quot;:&quot;0&quot;}\" data-image-title=\"Jade\" data-image-description=\"\" data-image-caption=\"\" data-medium-file=\"https:\/\/i0.wp.com\/sdm-lesmesnuls.fr\/wp-content\/uploads\/2015\/12\/Jade.png?fit=219%2C195&amp;ssl=1\" data-large-file=\"https:\/\/i0.wp.com\/sdm-lesmesnuls.fr\/wp-content\/uploads\/2015\/12\/Jade.png?fit=219%2C195&amp;ssl=1\" tabindex=\"0\" role=\"button\" class=\"wp-image-366 alignleft\" src=\"https:\/\/i0.wp.com\/sdm-lesmesnuls.fr\/wp-content\/uploads\/2015\/12\/Jade.png?resize=90%2C80&#038;ssl=1\" alt=\"Jade\" width=\"90\" height=\"80\" data-recalc-dims=\"1\" \/><\/a>JADE\u00a0est un collectif regroupant des associations de d\u00e9fense de l&rsquo;environnement de la r\u00e9gion de Montfort l&rsquo;Amaury dans les Yvelines (France). Ses statuts ont \u00e9t\u00e9 d\u00e9pos\u00e9s le 22 D\u00e9cembre 1995. N\u00b0 d&rsquo;enregistrement W782000570. L&rsquo;association a \u00e9t\u00e9 agr\u00e9\u00e9e en pr\u00e9fecture le 16 mai 2001.<br \/>\nJADE\u00a0est membre d&rsquo;Ile de France Environnement.\u00a0(IDFE). Au travers des associations membres du collectif,\u00a0JADE\u00a0repr\u00e9sente plus de 500 adh\u00e9rents.<br \/>\nLes raisons d&rsquo;\u00eatre de JADE :la protection de l&rsquo;environnement, la sauvegarde du patrimoine architectural, la pr\u00e9servation du cadre de vie, la participation au bien-\u00eatre des habitants.<\/p>\n<p style=\"text-align: justify;\"><a href=\"http:\/\/www.jade-asso.fr\/\">http:\/\/www.jade-asso.fr\/<\/a><br \/>\nSi\u00e8ge social: JADE<br \/>\n27 Grande Rue \u00a0&#8211;\u00a078770 AUTEUIL LE ROI<\/p>\n<hr \/>\n<p style=\"text-align: justify;\"><a href=\"https:\/\/i0.wp.com\/sdm-lesmesnuls.fr\/wp-content\/uploads\/2015\/12\/FNE_IdF.png?ssl=1\" rel=\"attachment wp-att-367\"><img loading=\"lazy\" decoding=\"async\" data-attachment-id=\"367\" data-permalink=\"https:\/\/sdm-lesmesnuls.fr\/?attachment_id=367#main\" data-orig-file=\"https:\/\/i0.wp.com\/sdm-lesmesnuls.fr\/wp-content\/uploads\/2015\/12\/FNE_IdF.png?fit=731%2C165&amp;ssl=1\" data-orig-size=\"731,165\" data-comments-opened=\"1\" data-image-meta=\"{&quot;aperture&quot;:&quot;0&quot;,&quot;credit&quot;:&quot;&quot;,&quot;camera&quot;:&quot;&quot;,&quot;caption&quot;:&quot;&quot;,&quot;created_timestamp&quot;:&quot;0&quot;,&quot;copyright&quot;:&quot;&quot;,&quot;focal_length&quot;:&quot;0&quot;,&quot;iso&quot;:&quot;0&quot;,&quot;shutter_speed&quot;:&quot;0&quot;,&quot;title&quot;:&quot;&quot;,&quot;orientation&quot;:&quot;0&quot;}\" data-image-title=\"FNE_IdF\" data-image-description=\"\" data-image-caption=\"\" data-medium-file=\"https:\/\/i0.wp.com\/sdm-lesmesnuls.fr\/wp-content\/uploads\/2015\/12\/FNE_IdF.png?fit=300%2C68&amp;ssl=1\" data-large-file=\"https:\/\/i0.wp.com\/sdm-lesmesnuls.fr\/wp-content\/uploads\/2015\/12\/FNE_IdF.png?fit=731%2C165&amp;ssl=1\" tabindex=\"0\" role=\"button\" class=\"wp-image-367 alignleft\" src=\"https:\/\/i0.wp.com\/sdm-lesmesnuls.fr\/wp-content\/uploads\/2015\/12\/FNE_IdF.png?resize=282%2C64&#038;ssl=1\" alt=\"FNE_IdF\" width=\"282\" height=\"64\" srcset=\"https:\/\/i0.wp.com\/sdm-lesmesnuls.fr\/wp-content\/uploads\/2015\/12\/FNE_IdF.png?resize=300%2C68&amp;ssl=1 300w, https:\/\/i0.wp.com\/sdm-lesmesnuls.fr\/wp-content\/uploads\/2015\/12\/FNE_IdF.png?w=731&amp;ssl=1 731w\" sizes=\"(max-width: 282px) 100vw, 282px\" data-recalc-dims=\"1\" \/><\/a>Membre de la f\u00e9d\u00e9ration nationale France Nature Environnement, FNE Ile-de-France est son repr\u00e9sentant r\u00e9gional. FNE Ile-de-France, c&rsquo;est 350 associations, 45 000 adh\u00e9rents militants, une \u00e9quipe d&rsquo;une cinquantaine de personnes (experts et consultants b\u00e9n\u00e9voles), le magazine d&rsquo;information \u00ab\u00a0Liaison\u00a0\u00bb et des outils de communication vari\u00e9s, des sessions de formation&#8230;<br \/>\nFrance Nature Environnement assure la repr\u00e9sentation des associations de protection de la nature et de l&rsquo;environnement dans de nombreuses instances de concertation et consultatives, agit en justice.<\/p>\n<p style=\"text-align: justify;\"><a href=\"http:\/\/fne-idf.fr\/\">http:\/\/fne-idf.fr\/<\/a><br \/>\nFNE \u00ceLE-DE-FRANCE<br \/>\n2 rue du Dessous des Berges &#8211;\u00a075013 PARIS<br \/>\nT\u00e9l\u00e9phone: 01 45 82 42 34<\/p>\n<hr \/>\n<p><a href=\"https:\/\/i0.wp.com\/sdm-lesmesnuls.fr\/wp-content\/uploads\/2015\/12\/marianne.png?ssl=1\" rel=\"attachment wp-att-370\"><img loading=\"lazy\" decoding=\"async\" data-attachment-id=\"370\" data-permalink=\"https:\/\/sdm-lesmesnuls.fr\/?attachment_id=370#main\" data-orig-file=\"https:\/\/i0.wp.com\/sdm-lesmesnuls.fr\/wp-content\/uploads\/2015\/12\/marianne.png?fit=112%2C78&amp;ssl=1\" data-orig-size=\"112,78\" data-comments-opened=\"1\" data-image-meta=\"{&quot;aperture&quot;:&quot;0&quot;,&quot;credit&quot;:&quot;&quot;,&quot;camera&quot;:&quot;&quot;,&quot;caption&quot;:&quot;&quot;,&quot;created_timestamp&quot;:&quot;0&quot;,&quot;copyright&quot;:&quot;&quot;,&quot;focal_length&quot;:&quot;0&quot;,&quot;iso&quot;:&quot;0&quot;,&quot;shutter_speed&quot;:&quot;0&quot;,&quot;title&quot;:&quot;&quot;,&quot;orientation&quot;:&quot;0&quot;}\" data-image-title=\"marianne\" data-image-description=\"\" data-image-caption=\"\" data-medium-file=\"https:\/\/i0.wp.com\/sdm-lesmesnuls.fr\/wp-content\/uploads\/2015\/12\/marianne.png?fit=112%2C78&amp;ssl=1\" data-large-file=\"https:\/\/i0.wp.com\/sdm-lesmesnuls.fr\/wp-content\/uploads\/2015\/12\/marianne.png?fit=112%2C78&amp;ssl=1\" tabindex=\"0\" role=\"button\" class=\" wp-image-370 alignleft\" src=\"https:\/\/i0.wp.com\/sdm-lesmesnuls.fr\/wp-content\/uploads\/2015\/12\/marianne.png?resize=121%2C84&#038;ssl=1\" alt=\"marianne\" width=\"121\" height=\"84\" data-recalc-dims=\"1\" \/><\/a><\/p>\n<p>&nbsp;<\/p>\n<p>MINIST\u00c8RE DE L&rsquo;\u00c9COLOGIE,\u00a0DU D\u00c9VELOPPEMENT DURABLE ET DE L&rsquo;\u00c9NERGIE<\/p>\n<p><a href=\"http:\/\/www.developpement-durable.gouv.fr\/\">http:\/\/www.developpement-durable.gouv.fr\/<\/a><\/p>\n<p>Tour Pascal A et B<br \/>\nTour Sequoia &#8211;\u00a092055 La D\u00e9fense CEDEX<br \/>\nT\u00e9l\u00e9phone\u00a0:01 40 81 21 22<\/p>\n","protected":false},"excerpt":{"rendered":"<p>JADE\u00a0est un collectif regroupant des associations de d\u00e9fense de l&rsquo;environnement de la r\u00e9gion de Montfort l&rsquo;Amaury dans les Yvelines (France). Ses statuts ont \u00e9t\u00e9 d\u00e9pos\u00e9s le 22 D\u00e9cembre 1995. N\u00b0 d&rsquo;enregistrement W782000570. L&rsquo;association a \u00e9t\u00e9 agr\u00e9\u00e9e en pr\u00e9fecture le 16 <a class=\"more-link\" href=\"https:\/\/sdm-lesmesnuls.fr\/?page_id=22\">&#8230;.. LIRE LA SUITE \u2192<\/a><\/p>\n","protected":false},"author":1,"featured_media":0,"parent":0,"menu_order":0,"comment_status":"closed","ping_status":"closed","template":"","meta":{"jetpack_post_was_ever_published":false,"footnotes":""},"jetpack_sharing_enabled":true,"jetpack_shortlink":"https:\/\/wp.me\/P71w7n-m","jetpack-related-posts":[],"_links":{"self":[{"href":"https:\/\/sdm-lesmesnuls.fr\/index.php?rest_route=\/wp\/v2\/pages\/22"}],"collection":[{"href":"https:\/\/sdm-lesmesnuls.fr\/index.php?rest_route=\/wp\/v2\/pages"}],"about":[{"href":"https:\/\/sdm-lesmesnuls.fr\/index.php?rest_route=\/wp\/v2\/types\/page"}],"author":[{"embeddable":true,"href":"https:\/\/sdm-lesmesnuls.fr\/index.php?rest_route=\/wp\/v2\/users\/1"}],"replies":[{"embeddable":true,"href":"https:\/\/sdm-lesmesnuls.fr\/index.php?rest_route=%2Fwp%2Fv2%2Fcomments&post=22"}],"version-history":[{"count":8,"href":"https:\/\/sdm-lesmesnuls.fr\/index.php?rest_route=\/wp\/v2\/pages\/22\/revisions"}],"predecessor-version":[{"id":474,"href":"https:\/\/sdm-lesmesnuls.fr\/index.php?rest_route=\/wp\/v2\/pages\/22\/revisions\/474"}],"wp:attachment":[{"href":"https:\/\/sdm-lesmesnuls.fr\/index.php?rest_route=%2Fwp%2Fv2%2Fmedia&parent=22"}],"curies":[{"name":"wp","href":"https:\/\/api.w.org\/{rel}","templated":true}]}}