{"id":33532,"date":"2023-08-13T14:10:22","date_gmt":"2023-08-13T13:10:22","guid":{"rendered":"http:\/\/sdm-lesmesnuls.fr\/?page_id=33532"},"modified":"2023-08-18T12:12:35","modified_gmt":"2023-08-18T11:12:35","slug":"adhesion-en-ligne","status":"publish","type":"page","link":"https:\/\/sdm-lesmesnuls.fr\/?page_id=33532","title":{"rendered":"Adh\u00e9sion en ligne"},"content":{"rendered":"<div class=\"wpforms-container wpforms-container-full\" id=\"wpforms-33549\"><form id=\"wpforms-form-33549\" class=\"wpforms-validate wpforms-form wpforms-ajax-form\" data-formid=\"33549\" method=\"post\" enctype=\"multipart\/form-data\" action=\"\/index.php?rest_route=%2Fwp%2Fv2%2Fpages%2F33532\" data-token=\"eaf0b491b8bf76e9b79ed1c5b0dc99b3\" data-token-time=\"1777525458\"><noscript class=\"wpforms-error-noscript\">Veuillez activer JavaScript dans votre navigateur pour remplir ce formulaire.<\/noscript><div class=\"wpforms-field-container\"><div id=\"wpforms-33549-field_15-container\" class=\"wpforms-field wpforms-field-radio wpforms-list-inline\" data-field-id=\"15\"><label class=\"wpforms-field-label\" for=\"wpforms-33549-field_15\">Civilit\u00e9<\/label><ul id=\"wpforms-33549-field_15\"><li class=\"choice-1 depth-1\"><input type=\"radio\" id=\"wpforms-33549-field_15_1\" name=\"wpforms[fields][15]\" value=\"Madame\"  ><label class=\"wpforms-field-label-inline\" for=\"wpforms-33549-field_15_1\">Madame<\/label><\/li><li class=\"choice-2 depth-1\"><input type=\"radio\" id=\"wpforms-33549-field_15_2\" name=\"wpforms[fields][15]\" value=\"Monsieur\"  ><label class=\"wpforms-field-label-inline\" for=\"wpforms-33549-field_15_2\">Monsieur<\/label><\/li><li class=\"choice-3 depth-1\"><input type=\"radio\" id=\"wpforms-33549-field_15_3\" name=\"wpforms[fields][15]\" value=\"non indiqu\u00e9\"  ><label class=\"wpforms-field-label-inline\" for=\"wpforms-33549-field_15_3\">non indiqu\u00e9<\/label><\/li><\/ul><\/div><div id=\"wpforms-33549-field_0-container\" class=\"wpforms-field wpforms-field-name\" data-field-id=\"0\"><label class=\"wpforms-field-label\" for=\"wpforms-33549-field_0\">Nom <span class=\"wpforms-required-label\">*<\/span><\/label><div class=\"wpforms-field-row wpforms-field-medium\"><div class=\"wpforms-field-row-block wpforms-first wpforms-one-half\"><input type=\"text\" id=\"wpforms-33549-field_0\" class=\"wpforms-field-name-first wpforms-field-required\" name=\"wpforms[fields][0][first]\" required><label for=\"wpforms-33549-field_0\" class=\"wpforms-field-sublabel after\">Pr\u00e9nom<\/label><\/div><div class=\"wpforms-field-row-block wpforms-one-half\"><input type=\"text\" id=\"wpforms-33549-field_0-last\" class=\"wpforms-field-name-last wpforms-field-required\" name=\"wpforms[fields][0][last]\" required><label for=\"wpforms-33549-field_0-last\" class=\"wpforms-field-sublabel after\">Nom<\/label><\/div><\/div><\/div><div id=\"wpforms-33549-field_7-container\" class=\"wpforms-field wpforms-field-text\" data-field-id=\"7\"><label class=\"wpforms-field-label\" for=\"wpforms-33549-field_7\">Adresse (n\u00b0 &amp; rue)<\/label><input type=\"text\" id=\"wpforms-33549-field_7\" class=\"wpforms-field-medium\" name=\"wpforms[fields][7]\" ><\/div><div id=\"wpforms-33549-field_13-container\" class=\"wpforms-field wpforms-field-text\" data-field-id=\"13\"><label class=\"wpforms-field-label\" for=\"wpforms-33549-field_13\">Ville<\/label><input type=\"text\" id=\"wpforms-33549-field_13\" class=\"wpforms-field-medium\" name=\"wpforms[fields][13]\" ><\/div><div id=\"wpforms-33549-field_14-container\" class=\"wpforms-field wpforms-field-text\" data-field-id=\"14\"><label class=\"wpforms-field-label\" for=\"wpforms-33549-field_14\">Code postal<\/label><input type=\"text\" id=\"wpforms-33549-field_14\" class=\"wpforms-field-small\" name=\"wpforms[fields][14]\" ><\/div><div id=\"wpforms-33549-field_10-container\" class=\"wpforms-field wpforms-field-text\" data-field-id=\"10\"><label class=\"wpforms-field-label\" for=\"wpforms-33549-field_10\">T\u00e9l\u00e9phone <span class=\"wpforms-required-label\">*<\/span><\/label><input type=\"text\" id=\"wpforms-33549-field_10\" class=\"wpforms-field-small wpforms-field-required wpforms-limit-characters-enabled\" data-form-id=\"33549\" data-field-id=\"10\" data-text-limit=\"15\" name=\"wpforms[fields][10]\" maxlength=\"15\" required><\/div><div id=\"wpforms-33549-field_1-container\" class=\"wpforms-field wpforms-field-email\" data-field-id=\"1\"><label class=\"wpforms-field-label\" for=\"wpforms-33549-field_1\">E-mail <span class=\"wpforms-required-label\">*<\/span><\/label><input type=\"email\" id=\"wpforms-33549-field_1\" class=\"wpforms-field-medium wpforms-field-required\" name=\"wpforms[fields][1]\" spellcheck=\"false\" required><\/div><div id=\"wpforms-33549-field_9-container\" class=\"wpforms-field wpforms-field-checkbox wpforms-list-2-columns\" data-field-id=\"9\"><label class=\"wpforms-field-label\" for=\"wpforms-33549-field_9\">Type d&#039;adh\u00e9sion <span class=\"wpforms-required-label\">*<\/span><\/label><ul id=\"wpforms-33549-field_9\" class=\"wpforms-field-required\" data-choice-limit=\"1\"><li class=\"choice-1 depth-1\"><input type=\"checkbox\" id=\"wpforms-33549-field_9_1\" data-rule-check-limit=\"true\" name=\"wpforms[fields][9][]\" value=\"Membre actif - 20\u20ac\" required ><label class=\"wpforms-field-label-inline\" for=\"wpforms-33549-field_9_1\">Membre actif - 20\u20ac<\/label><\/li><li class=\"choice-2 depth-1\"><input type=\"checkbox\" id=\"wpforms-33549-field_9_2\" data-rule-check-limit=\"true\" name=\"wpforms[fields][9][]\" value=\"Membre bienfaiteur - 50\u20ac\" required ><label class=\"wpforms-field-label-inline\" for=\"wpforms-33549-field_9_2\">Membre bienfaiteur - 50\u20ac<\/label><\/li><li class=\"choice-3 depth-1\"><input type=\"checkbox\" id=\"wpforms-33549-field_9_3\" data-rule-check-limit=\"true\" name=\"wpforms[fields][9][]\" value=\"Donateur - 100\u20ac et plus\" required ><label class=\"wpforms-field-label-inline\" for=\"wpforms-33549-field_9_3\">Donateur - 100\u20ac et plus<\/label><\/li><li class=\"choice-4 depth-1\"><input type=\"checkbox\" id=\"wpforms-33549-field_9_4\" data-rule-check-limit=\"true\" name=\"wpforms[fields][9][]\" value=\"Membre jeune (- de 23 ans) - 5\u20ac\" required ><label class=\"wpforms-field-label-inline\" for=\"wpforms-33549-field_9_4\">Membre jeune (- de 23 ans) - 5\u20ac<\/label><\/li><\/ul><\/div><div id=\"wpforms-33549-field_11-container\" class=\"wpforms-field wpforms-field-radio wpforms-list-inline\" data-field-id=\"11\"><label class=\"wpforms-field-label\" for=\"wpforms-33549-field_11\">Mode de r\u00e8glement<\/label><ul id=\"wpforms-33549-field_11\"><li class=\"choice-1 depth-1\"><input type=\"radio\" id=\"wpforms-33549-field_11_1\" name=\"wpforms[fields][11]\" value=\"R\u00e8glement par virement\"  ><label class=\"wpforms-field-label-inline\" for=\"wpforms-33549-field_11_1\">R\u00e8glement par virement<\/label><\/li><li class=\"choice-2 depth-1\"><input type=\"radio\" id=\"wpforms-33549-field_11_2\" name=\"wpforms[fields][11]\" value=\"R\u00e8glement par ch\u00e8que\"  ><label class=\"wpforms-field-label-inline\" for=\"wpforms-33549-field_11_2\">R\u00e8glement par ch\u00e8que<\/label><\/li><\/ul><\/div><div id=\"wpforms-33549-field_2-container\" class=\"wpforms-field wpforms-field-textarea\" data-field-id=\"2\"><label class=\"wpforms-field-label\" for=\"wpforms-33549-field_2\">Votre message (facultatif)<\/label><textarea id=\"wpforms-33549-field_2\" class=\"wpforms-field-medium\" name=\"wpforms[fields][2]\" ><\/textarea><\/div><div id=\"wpforms-33549-field_12-container\" class=\"wpforms-field wpforms-field-gdpr-checkbox\" data-field-id=\"12\"><label class=\"wpforms-field-label\">Accord RGPD <span class=\"wpforms-required-label\">*<\/span><\/label><ul id=\"wpforms-33549-field_12\" class=\"wpforms-field-required\"><li class=\"choice-1\"><input type=\"checkbox\" id=\"wpforms-33549-field_12_1\" name=\"wpforms[fields][12][]\" value=\"J&#039;accepte que la SDM conserve, conform\u00e9ment aux r\u00e8gles en vigueur (RGPD), les donn\u00e9es que je soumets aux fins de sa gestion. Je sais que je peux exercer mes droit d\u2019acc\u00e8s, de rectification et d\u2019effacement des donn\u00e9es personnelles me concernant \u00e0 tout moment en contactant la SDM.\" required ><label class=\"wpforms-field-label-inline\" for=\"wpforms-33549-field_12_1\">J'accepte que la SDM conserve, conform\u00e9ment aux r\u00e8gles en vigueur (RGPD), les donn\u00e9es que je soumets aux fins de sa gestion. Je sais que je peux exercer mes droit d\u2019acc\u00e8s, de rectification et d\u2019effacement des donn\u00e9es personnelles me concernant \u00e0 tout moment en contactant la SDM.<\/label><\/li><\/ul><\/div><\/div><!-- .wpforms-field-container --><div class=\"wpforms-submit-container\" ><input type=\"hidden\" name=\"wpforms[id]\" value=\"33549\"><input type=\"hidden\" name=\"page_title\" value=\"\"><input type=\"hidden\" name=\"page_url\" value=\"https:\/\/sdm-lesmesnuls.fr\/index.php?rest_route=%2Fwp%2Fv2%2Fpages%2F33532\"><button type=\"submit\" name=\"wpforms[submit]\" id=\"wpforms-submit-33549\" class=\"wpforms-submit\" data-alt-text=\"Envoi...\" data-submit-text=\"Envoyer\" aria-live=\"assertive\" value=\"wpforms-submit\">Envoyer<\/button><img loading=\"lazy\" decoding=\"async\" src=\"https:\/\/sdm-lesmesnuls.fr\/wp-content\/plugins\/wpforms-lite\/assets\/images\/submit-spin.svg\" class=\"wpforms-submit-spinner\" style=\"display: none;\" width=\"26\" height=\"26\" alt=\"Chargement en cours\"><\/div><\/form><\/div>  <!-- .wpforms-container -->\n<p><strong>Pour votre r\u00e8glement<\/strong><\/p>\n<p><em>(copier-coller)<\/em><\/p>\n<pre style=\"text-align: center;\"><em>IBAN<\/em> : FR7617515006000827593319597\r\n<em>B\u00e9n\u00e9ficiaire<\/em> : Sauvegarde des Mesnuls<\/pre>\n<p><em>(recopier)<\/em><img loading=\"lazy\" decoding=\"async\" class=\"aligncenter\" src=\"https:\/\/i0.wp.com\/sdm-lesmesnuls.fr\/wp-content\/uploads\/RIB_SDM.png?resize=656%2C245\" width=\"943\" height=\"352\" \/><\/p>\n<p>Nous ne manquerons pas de vous contacter dans les prochains jours.<\/p>\n<p>Tr\u00e8s cordialement<\/p>\n<p>L\u2019association \u00ab <strong>Sauvegarde des Mesnuls<\/strong> \u00bb<\/p>\n","protected":false},"excerpt":{"rendered":"<p>Pour votre r\u00e8glement (copier-coller) IBAN : FR7617515006000827593319597 B\u00e9n\u00e9ficiaire : Sauvegarde des Mesnuls (recopier) Nous ne manquerons pas de vous contacter dans les prochains jours. Tr\u00e8s cordialement L\u2019association \u00ab Sauvegarde des Mesnuls \u00bb<\/p>\n","protected":false},"author":1,"featured_media":0,"parent":0,"menu_order":0,"comment_status":"closed","ping_status":"closed","template":"","meta":{"jetpack_post_was_ever_published":false,"footnotes":""},"jetpack_sharing_enabled":true,"jetpack_shortlink":"https:\/\/wp.me\/P71w7n-8IQ","jetpack-related-posts":[],"_links":{"self":[{"href":"https:\/\/sdm-lesmesnuls.fr\/index.php?rest_route=\/wp\/v2\/pages\/33532"}],"collection":[{"href":"https:\/\/sdm-lesmesnuls.fr\/index.php?rest_route=\/wp\/v2\/pages"}],"about":[{"href":"https:\/\/sdm-lesmesnuls.fr\/index.php?rest_route=\/wp\/v2\/types\/page"}],"author":[{"embeddable":true,"href":"https:\/\/sdm-lesmesnuls.fr\/index.php?rest_route=\/wp\/v2\/users\/1"}],"replies":[{"embeddable":true,"href":"https:\/\/sdm-lesmesnuls.fr\/index.php?rest_route=%2Fwp%2Fv2%2Fcomments&post=33532"}],"version-history":[{"count":23,"href":"https:\/\/sdm-lesmesnuls.fr\/index.php?rest_route=\/wp\/v2\/pages\/33532\/revisions"}],"predecessor-version":[{"id":33615,"href":"https:\/\/sdm-lesmesnuls.fr\/index.php?rest_route=\/wp\/v2\/pages\/33532\/revisions\/33615"}],"wp:attachment":[{"href":"https:\/\/sdm-lesmesnuls.fr\/index.php?rest_route=%2Fwp%2Fv2%2Fmedia&parent=33532"}],"curies":[{"name":"wp","href":"https:\/\/api.w.org\/{rel}","templated":true}]}}