{"id":790,"date":"2017-03-02T16:37:59","date_gmt":"2017-03-02T15:37:59","guid":{"rendered":"http:\/\/sdm-lesmesnuls.fr\/?page_id=790"},"modified":"2017-03-02T16:37:59","modified_gmt":"2017-03-02T15:37:59","slug":"presse","status":"publish","type":"page","link":"https:\/\/sdm-lesmesnuls.fr\/?page_id=790","title":{"rendered":"Presse"},"content":{"rendered":"<h3>Page presse<\/h3>\n<p>T\u00e9l\u00e9chargez les informations et communiqu\u00e9s de presse publi\u00e9s par la SDM<\/p>\n<blockquote>\n<pre><span style=\"font-family: 'Liberation Sans', sans-serif;\"><span style=\"font-size: small;\">mars 2017  --  <a href=\"http:\/\/wp.me\/p71w7n-cN\">Paris-Nice <\/a><\/span><\/span><a href=\"http:\/\/wp.me\/p71w7n-cN\"><span style=\"font-family: 'Liberation Sans', sans-serif;\"><span style=\"font-size: small;\">2017 <\/span><\/span><span style=\"font-family: 'Liberation Sans', sans-serif;\"><span style=\"font-size: small;\">\u2013<\/span><\/span><span style=\"font-family: 'Liberation Sans', sans-serif;\"><span style=\"font-size: small;\"> Rassemblement des riverains de la RD 191<\/span><\/span><\/a><\/pre>\n<\/blockquote>\n<p>&nbsp;<\/p>\n<p>&nbsp;<\/p>\n<p>&nbsp;<\/p>\n","protected":false},"excerpt":{"rendered":"<p>Page presse T\u00e9l\u00e9chargez les informations et communiqu\u00e9s de presse publi\u00e9s par la SDM mars 2017 &#8212; Paris-Nice 2017 \u2013 Rassemblement des riverains de la RD 191 &nbsp; &nbsp; &nbsp;<\/p>\n","protected":false},"author":1,"featured_media":0,"parent":0,"menu_order":0,"comment_status":"closed","ping_status":"closed","template":"","meta":{"jetpack_post_was_ever_published":false,"footnotes":""},"jetpack_sharing_enabled":true,"jetpack_shortlink":"https:\/\/wp.me\/P71w7n-cK","jetpack-related-posts":[],"_links":{"self":[{"href":"https:\/\/sdm-lesmesnuls.fr\/index.php?rest_route=\/wp\/v2\/pages\/790"}],"collection":[{"href":"https:\/\/sdm-lesmesnuls.fr\/index.php?rest_route=\/wp\/v2\/pages"}],"about":[{"href":"https:\/\/sdm-lesmesnuls.fr\/index.php?rest_route=\/wp\/v2\/types\/page"}],"author":[{"embeddable":true,"href":"https:\/\/sdm-lesmesnuls.fr\/index.php?rest_route=\/wp\/v2\/users\/1"}],"replies":[{"embeddable":true,"href":"https:\/\/sdm-lesmesnuls.fr\/index.php?rest_route=%2Fwp%2Fv2%2Fcomments&post=790"}],"version-history":[{"count":4,"href":"https:\/\/sdm-lesmesnuls.fr\/index.php?rest_route=\/wp\/v2\/pages\/790\/revisions"}],"predecessor-version":[{"id":804,"href":"https:\/\/sdm-lesmesnuls.fr\/index.php?rest_route=\/wp\/v2\/pages\/790\/revisions\/804"}],"wp:attachment":[{"href":"https:\/\/sdm-lesmesnuls.fr\/index.php?rest_route=%2Fwp%2Fv2%2Fmedia&parent=790"}],"curies":[{"name":"wp","href":"https:\/\/api.w.org\/{rel}","templated":true}]}}